



{"id":9,"date":"2018-11-27T09:16:54","date_gmt":"2018-11-27T09:16:54","guid":{"rendered":"https:\/\/jurkauskas.lt\/index.php\/home\/"},"modified":"2024-12-05T11:18:28","modified_gmt":"2024-12-05T11:18:28","slug":"galimai-apgavo","status":"publish","type":"page","link":"https:\/\/jurkauskas.lt\/","title":{"rendered":"Galimai apgavo"},"content":{"rendered":"\t\t<div data-elementor-type=\"wp-page\" data-elementor-id=\"9\" class=\"elementor elementor-9\" data-elementor-settings=\"[]\">\n\t\t\t\t\t\t\t<div class=\"elementor-section-wrap\">\n\t\t\t\t\t\t\t<section class=\"elementor-section elementor-top-section elementor-element elementor-element-c50838b elementor-section-full_width elementor-section-height-default elementor-section-height-default\" data-id=\"c50838b\" data-element_type=\"section\" data-settings=\"{&quot;background_background&quot;:&quot;classic&quot;}\">\n\t\t\t\t\t\t\t<div class=\"elementor-background-overlay\"><\/div>\n\t\t\t\t\t\t\t<div class=\"elementor-container elementor-column-gap-default\">\n\t\t\t\t\t<div class=\"elementor-column elementor-col-100 elementor-top-column elementor-element elementor-element-55b0429\" data-id=\"55b0429\" data-element_type=\"column\">\n\t\t\t<div class=\"elementor-widget-wrap elementor-element-populated\">\n\t\t\t\t\t\t\t\t<div class=\"elementor-element elementor-element-3428592 elementor-widget elementor-widget-heading\" data-id=\"3428592\" data-element_type=\"widget\" data-widget_type=\"heading.default\">\n\t\t\t\t<div class=\"elementor-widget-container\">\n\t\t\t<h3 class=\"elementor-heading-title elementor-size-default\">Ie\u0161kome k\u0105 galimai apgavo <br>\nWe're looking for someone you might have cheated by<br>\n\u0418\u0449\u0435\u043c \u043b\u044e\u0434\u0435\u0439, \u043a\u043e\u0442\u043e\u0440\u044b\u0435 \u043c\u043e\u0433\u043b\u0438 \u043f\u043e\u0441\u0442\u0440\u0430\u0434\u0430\u0442\u044c<\/h3>\t\t<\/div>\n\t\t\t\t<\/div>\n\t\t\t\t<div class=\"elementor-element elementor-element-92570e2 elementor-widget-divider--view-line elementor-widget elementor-widget-divider\" data-id=\"92570e2\" data-element_type=\"widget\" data-widget_type=\"divider.default\">\n\t\t\t\t<div class=\"elementor-widget-container\">\n\t\t\t\t\t<div class=\"elementor-divider\">\n\t\t\t<span class=\"elementor-divider-separator\">\n\t\t\t\t\t\t<\/span>\n\t\t<\/div>\n\t\t\t\t<\/div>\n\t\t\t\t<\/div>\n\t\t\t\t<div class=\"elementor-element elementor-element-86c5fbe elementor-widget elementor-widget-heading\" data-id=\"86c5fbe\" data-element_type=\"widget\" data-widget_type=\"heading.default\">\n\t\t\t\t<div class=\"elementor-widget-container\">\n\t\t\t<h2 class=\"elementor-heading-title elementor-size-default\">UAB Trucksline UAB G-Trucks UAB Profitage<\/h2>\t\t<\/div>\n\t\t\t\t<\/div>\n\t\t\t\t<div class=\"elementor-element elementor-element-453e782 elementor-widget elementor-widget-heading\" data-id=\"453e782\" data-element_type=\"widget\" data-widget_type=\"heading.default\">\n\t\t\t\t<div class=\"elementor-widget-container\">\n\t\t\t<h1 class=\"elementor-heading-title elementor-size-default\">Giedrius JurkauSkas<\/h1>\t\t<\/div>\n\t\t\t\t<\/div>\n\t\t\t\t\t<\/div>\n\t\t<\/div>\n\t\t\t\t\t\t\t<\/div>\n\t\t<\/section>\n\t\t\t\t<section class=\"elementor-section elementor-top-section elementor-element elementor-element-5c31627 elementor-section-boxed elementor-section-height-default elementor-section-height-default\" data-id=\"5c31627\" data-element_type=\"section\" data-settings=\"{&quot;background_background&quot;:&quot;classic&quot;}\">\n\t\t\t\t\t\t<div class=\"elementor-container elementor-column-gap-default\">\n\t\t\t\t\t<div class=\"elementor-column elementor-col-33 elementor-top-column elementor-element elementor-element-32f335d\" data-id=\"32f335d\" data-element_type=\"column\">\n\t\t\t<div class=\"elementor-widget-wrap elementor-element-populated\">\n\t\t\t\t\t\t\t\t<div class=\"elementor-element elementor-element-afcd584 elementor-widget elementor-widget-image\" data-id=\"afcd584\" data-element_type=\"widget\" data-widget_type=\"image.default\">\n\t\t\t\t<div class=\"elementor-widget-container\">\n\t\t\t\t\t\t\t\t\t\t\t\t\t\t\t<img width=\"200\" height=\"154\" src=\"https:\/\/jurkauskas.lt\/wp-content\/uploads\/2018\/11\/quote-1.png\" class=\"attachment-large size-large\" alt=\"\" loading=\"lazy\" \/>\t\t\t\t\t\t\t\t\t\t\t\t\t\t\t<\/div>\n\t\t\t\t<\/div>\n\t\t\t\t\t<\/div>\n\t\t<\/div>\n\t\t\t\t<div class=\"elementor-column elementor-col-33 elementor-top-column elementor-element elementor-element-a107e3a\" data-id=\"a107e3a\" data-element_type=\"column\" data-settings=\"{&quot;background_background&quot;:&quot;classic&quot;}\">\n\t\t\t<div class=\"elementor-widget-wrap elementor-element-populated\">\n\t\t\t\t\t<div class=\"elementor-background-overlay\"><\/div>\n\t\t\t\t\t\t\t\t<div class=\"elementor-element elementor-element-be35f4d elementor-widget elementor-widget-text-editor\" data-id=\"be35f4d\" data-element_type=\"widget\" data-widget_type=\"text-editor.default\">\n\t\t\t\t<div class=\"elementor-widget-container\">\n\t\t\t\t\t\t\t<p>Ie\u0161kome \u017emoni\u0173, kurie galimai nukent\u0117jo nuo Giedriaus Jurkausko. Vis\u0105 informacij\u0105 atsi\u0173skite el. pa\u0161tu: info@jurkauskas.lt Sujung\u0119 kartu j\u0117gas, norime kreiptis \u012f teism\u0105.<\/p><p>We are looking for people who may have suffered from Giedrius Jurkauskas. Email all information E-mail: info@jurkauskas.lt After joining forces, we want to go to court.<\/p><p>\u041c\u044b \u0438\u0449\u0435\u043c \u043b\u044e\u0434\u0435\u0439, \u043a\u043e\u0442\u043e\u0440\u044b\u0435 \u043c\u043e\u0433\u043b\u0438 \u043f\u043e\u0441\u0442\u0440\u0430\u0434\u0430\u0442\u044c \u043e\u0442 \u0413\u0435\u0434\u0440\u044e\u0441\u0430 \u042e\u0440\u043a\u0430\u0443\u0441\u043a\u0430\u0441\u0430. \u041e\u0442\u043f\u0440\u0430\u0432\u0438\u0442\u044c \u0432\u0441\u044e \u0438\u043d\u0444\u043e\u0440\u043c\u0430\u0446\u0438\u044e \u043f\u043e \u044d\u043b\u0435\u043a\u0442\u0440\u043e\u043d\u043d\u043e\u0439 \u043f\u043e\u0447\u0442\u0435 E-mail: info@jurkauskas.lt \u041e\u0431\u044a\u0435\u0434\u0438\u043d\u0438\u0432 \u0443\u0441\u0438\u043b\u0438\u044f, \u043c\u044b \u0445\u043e\u0442\u0438\u043c \u043e\u0431\u0440\u0430\u0442\u0438\u0442\u044c\u0441\u044f \u0432 \u0441\u0443\u0434.<\/p><p>\u00a0<\/p><p>UAB Trucksline<\/p><p>UAB G-Trucks<\/p><p>UAB Profitage<\/p>\t\t\t\t\t\t<\/div>\n\t\t\t\t<\/div>\n\t\t\t\t<div class=\"elementor-element elementor-element-551a2c1 elementor-widget elementor-widget-heading\" data-id=\"551a2c1\" data-element_type=\"widget\" data-widget_type=\"heading.default\">\n\t\t\t\t<div class=\"elementor-widget-container\">\n\t\t\t<h2 class=\"elementor-heading-title elementor-size-default\">Galite para\u0161yti \u010dia <br>\nYou can write here <br>\n\u0412\u044b \u043c\u043e\u0436\u0435\u0442\u0435 \u043d\u0430\u043f\u0438\u0441\u0430\u0442\u044c \u0437\u0434\u0435\u0441\u044c\n<\/h2>\t\t<\/div>\n\t\t\t\t<\/div>\n\t\t\t\t<div class=\"elementor-element elementor-element-209d333 elementor-widget elementor-widget-heading\" data-id=\"209d333\" data-element_type=\"widget\" data-widget_type=\"heading.default\">\n\t\t\t\t<div class=\"elementor-widget-container\">\n\t\t\t<h2 class=\"elementor-heading-title elementor-size-default\">info@jurkauskas.lt<\/h2>\t\t<\/div>\n\t\t\t\t<\/div>\n\t\t\t\t<div class=\"elementor-element elementor-element-f16d645 elementor-hidden-desktop elementor-hidden-tablet elementor-hidden-mobile elementor-widget elementor-widget-html\" data-id=\"f16d645\" data-element_type=\"widget\" data-widget_type=\"html.default\">\n\t\t\t\t<div class=\"elementor-widget-container\">\n\t\t\t<div class=\"wpforms-container \" id=\"wpforms-4\"><form id=\"wpforms-form-4\" class=\"wpforms-validate wpforms-form\" data-formid=\"4\" method=\"post\" enctype=\"multipart\/form-data\" action=\"\/index.php\/wp-json\/wp\/v2\/pages\/9\" data-token=\"532fc2c98d2a22323c789cb03eb569eb\"><noscript class=\"wpforms-error-noscript\">Please enable JavaScript in your browser to complete this form.<\/noscript><div class=\"wpforms-field-container\"><div id=\"wpforms-4-field_0-container\" class=\"wpforms-field wpforms-field-name\" data-field-id=\"0\"><label class=\"wpforms-field-label wpforms-label-hide\" for=\"wpforms-4-field_0\">Vardas \u0418\u043c\u044f <span class=\"wpforms-required-label\">*<\/span><\/label><input type=\"text\" id=\"wpforms-4-field_0\" class=\"wpforms-field-large wpforms-field-required\" name=\"wpforms[fields][0]\" placeholder=\"Vardas \u0418\u043c\u044f\" required><\/div><div id=\"wpforms-4-field_1-container\" class=\"wpforms-field wpforms-field-email\" data-field-id=\"1\"><label class=\"wpforms-field-label wpforms-label-hide\" for=\"wpforms-4-field_1\">El.pa\u0161tas \u042d\u043b. \u0430\u0434\u0440\u0435\u0441 <span class=\"wpforms-required-label\">*<\/span><\/label><input type=\"email\" id=\"wpforms-4-field_1\" class=\"wpforms-field-large wpforms-field-required\" name=\"wpforms[fields][1]\" placeholder=\"El.pa\u0161tas \u042d\u043b. \u0430\u0434\u0440\u0435\u0441\" required><\/div><div id=\"wpforms-4-field_2-container\" class=\"wpforms-field wpforms-field-textarea\" data-field-id=\"2\"><label class=\"wpforms-field-label wpforms-label-hide\" for=\"wpforms-4-field_2\">\u017dinut\u0117 \u0421\u043e\u043e\u0431\u0449\u0435\u043d\u0438\u0435 <span class=\"wpforms-required-label\">*<\/span><\/label><textarea id=\"wpforms-4-field_2\" class=\"wpforms-field-medium wpforms-field-required\" name=\"wpforms[fields][2]\" placeholder=\"\u017dinut\u0117 \u0421\u043e\u043e\u0431\u0449\u0435\u043d\u0438\u0435\" required><\/textarea><\/div><\/div><div class=\"wpforms-field wpforms-field-hp\"><label for=\"wpforms-4-field-hp\" class=\"wpforms-field-label\">Email<\/label><input type=\"text\" name=\"wpforms[hp]\" id=\"wpforms-4-field-hp\" class=\"wpforms-field-medium\"><\/div><div class=\"wpforms-submit-container\"><input type=\"hidden\" name=\"wpforms[id]\" value=\"4\"><input type=\"hidden\" name=\"wpforms[author]\" value=\"1\"><button type=\"submit\" name=\"wpforms[submit]\" id=\"wpforms-submit-4\" class=\"wpforms-submit\" data-alt-text=\"Sending...\" data-submit-text=\"Send Si\u0173sti \u043f\u043e\u0441\u043b\u0430\u0442\u044c\" aria-live=\"assertive\" value=\"wpforms-submit\">Send Si\u0173sti \u043f\u043e\u0441\u043b\u0430\u0442\u044c<\/button><\/div><\/form><\/div>  <!-- .wpforms-container -->\t\t<\/div>\n\t\t\t\t<\/div>\n\t\t\t\t<div class=\"elementor-element elementor-element-4192a2d elementor-widget elementor-widget-text-editor\" data-id=\"4192a2d\" data-element_type=\"widget\" data-widget_type=\"text-editor.default\">\n\t\t\t\t<div class=\"elementor-widget-container\">\n\t\t\t\t\t\t\t\t\t\t\t\t\t<\/div>\n\t\t\t\t<\/div>\n\t\t\t\t<div class=\"elementor-element elementor-element-fbd5a7c elementor-widget elementor-widget-image\" data-id=\"fbd5a7c\" data-element_type=\"widget\" data-widget_type=\"image.default\">\n\t\t\t\t<div class=\"elementor-widget-container\">\n\t\t\t\t\t\t\t\t\t\t\t\t\t\t\t<img width=\"1008\" height=\"1018\" src=\"https:\/\/jurkauskas.lt\/wp-content\/uploads\/2021\/11\/Screenshot-2021-11-23-at-14.51.50.png\" class=\"attachment-large size-large\" alt=\"\" loading=\"lazy\" srcset=\"https:\/\/jurkauskas.lt\/wp-content\/uploads\/2021\/11\/Screenshot-2021-11-23-at-14.51.50.png 1008w, https:\/\/jurkauskas.lt\/wp-content\/uploads\/2021\/11\/Screenshot-2021-11-23-at-14.51.50-297x300.png 297w, https:\/\/jurkauskas.lt\/wp-content\/uploads\/2021\/11\/Screenshot-2021-11-23-at-14.51.50-150x150.png 150w, https:\/\/jurkauskas.lt\/wp-content\/uploads\/2021\/11\/Screenshot-2021-11-23-at-14.51.50-768x776.png 768w\" sizes=\"(max-width: 1008px) 100vw, 1008px\" \/>\t\t\t\t\t\t\t\t\t\t\t\t\t\t\t<\/div>\n\t\t\t\t<\/div>\n\t\t\t\t\t<\/div>\n\t\t<\/div>\n\t\t\t\t<div class=\"elementor-column elementor-col-33 elementor-top-column elementor-element elementor-element-33bc69a\" data-id=\"33bc69a\" data-element_type=\"column\">\n\t\t\t<div class=\"elementor-widget-wrap\">\n\t\t\t\t\t\t\t\t\t<\/div>\n\t\t<\/div>\n\t\t\t\t\t\t\t<\/div>\n\t\t<\/section>\n\t\t\t\t<section class=\"elementor-section elementor-top-section elementor-element elementor-element-1fb41e3 elementor-section-boxed elementor-section-height-default elementor-section-height-default\" data-id=\"1fb41e3\" data-element_type=\"section\">\n\t\t\t\t\t\t<div class=\"elementor-container elementor-column-gap-default\">\n\t\t\t\t\t<div class=\"elementor-column elementor-col-100 elementor-top-column elementor-element elementor-element-61d23bb\" data-id=\"61d23bb\" data-element_type=\"column\">\n\t\t\t<div class=\"elementor-widget-wrap elementor-element-populated\">\n\t\t\t\t\t\t\t\t<div class=\"elementor-element elementor-element-90bc21d elementor-widget elementor-widget-html\" data-id=\"90bc21d\" data-element_type=\"widget\" data-widget_type=\"html.default\">\n\t\t\t\t<div class=\"elementor-widget-container\">\n\t\t\t<style>.telegram-contact-form { background-color: #ffffff; padding: 15px; margin: 15px 0; position: relative; }.telegram-contact-form input, .telegram-contact-form select, .telegram-contact-form button { background-color: #ffffff; color: #000000; margin: 10px 0; padding: 10px; width: 100%; border-radius: 5px; }.telegram-contact-form button { background-color: #ff1f1f; color: #ffffff; cursor: pointer; }.telegram-contact-form .checkbox-container { display: flex; align-items: center; justify-content: flex-start; position: absolute; bottom: -30px; left: 0; margin-top: 10px; }.telegram-contact-form .checkbox-container input { margin-right: 0.2em; }<\/style><form class=\"telegram-contact-form\" method=\"post\" enctype=\"multipart\/form-data\"><label>Vardas<\/label><input type=\"text\" name=\"vardas\" required><label>Telefono numeris<\/label><input type=\"number\" name=\"telefono-numeris\" required><label>El. pa\u0161tas<\/label><input type=\"email\" name=\"el-pastas\" required><label>Kaip galimai nukent\u0117jote?<\/label><input type=\"text\" name=\"kaip-galimai-nukentejote\" required><button type=\"submit\">Si\u0173sti<\/button><div class=\"checkbox-container\"><input type=\"checkbox\" name=\"form_checkbox\" required> <label>Sutinku, jog pateika informacija, gali b\u016bti naudojama susisiekti su manimi.<\/label><\/div><\/form>\t\t<\/div>\n\t\t\t\t<\/div>\n\t\t\t\t\t<\/div>\n\t\t<\/div>\n\t\t\t\t\t\t\t<\/div>\n\t\t<\/section>\n\t\t\t\t<section class=\"elementor-section elementor-top-section elementor-element elementor-element-7b08386 elementor-section-boxed elementor-section-height-default elementor-section-height-default\" data-id=\"7b08386\" data-element_type=\"section\">\n\t\t\t\t\t\t<div class=\"elementor-container elementor-column-gap-default\">\n\t\t\t\t\t<div class=\"elementor-column elementor-col-100 elementor-top-column elementor-element elementor-element-15c9856\" data-id=\"15c9856\" data-element_type=\"column\">\n\t\t\t<div class=\"elementor-widget-wrap elementor-element-populated\">\n\t\t\t\t\t\t\t\t<div class=\"elementor-element elementor-element-4611305 elementor-widget elementor-widget-spacer\" data-id=\"4611305\" data-element_type=\"widget\" data-widget_type=\"spacer.default\">\n\t\t\t\t<div class=\"elementor-widget-container\">\n\t\t\t\t\t<div class=\"elementor-spacer\">\n\t\t\t<div class=\"elementor-spacer-inner\"><\/div>\n\t\t<\/div>\n\t\t\t\t<\/div>\n\t\t\t\t<\/div>\n\t\t\t\t\t<\/div>\n\t\t<\/div>\n\t\t\t\t\t\t\t<\/div>\n\t\t<\/section>\n\t\t\t\t\t\t<\/div>\n\t\t\t\t\t<\/div>\n\t\t","protected":false},"excerpt":{"rendered":"<p>Ie\u0161kome k\u0105 galimai apgavo We&#8217;re looking for someone you might have cheated by \u0418\u0449\u0435\u043c \u043b\u044e\u0434\u0435\u0439, \u043a\u043e\u0442\u043e\u0440\u044b\u0435 \u043c\u043e\u0433\u043b\u0438 \u043f\u043e\u0441\u0442\u0440\u0430\u0434\u0430\u0442\u044c UAB Trucksline UAB G-Trucks UAB Profitage Giedrius JurkauSkas Ie\u0161kome \u017emoni\u0173, kurie galimai nukent\u0117jo nuo Giedriaus Jurkausko. Vis\u0105 informacij\u0105 atsi\u0173skite el. pa\u0161tu: info@jurkauskas.lt Sujung\u0119 kartu j\u0117gas, norime kreiptis \u012f teism\u0105. We are looking for people who may have &hellip;<\/p>\n<p class=\"read-more\"> <a class=\"\" href=\"https:\/\/jurkauskas.lt\/\"> <span class=\"screen-reader-text\">Galimai apgavo<\/span> Skaityti daugiau &raquo;<\/a><\/p>\n","protected":false},"author":1,"featured_media":0,"parent":0,"menu_order":0,"comment_status":"closed","ping_status":"closed","template":"","meta":{"om_disable_all_campaigns":false,"_mi_skip_tracking":false,"_monsterinsights_skip_tracking":false,"_monsterinsights_sitenote_active":false,"_monsterinsights_sitenote_note":"","_monsterinsights_sitenote_category":0,"site-sidebar-layout":"no-sidebar","site-content-layout":"page-builder","ast-main-header-display":"","ast-hfb-above-header-display":"","ast-hfb-below-header-display":"","ast-hfb-mobile-header-display":"","site-post-title":"disabled","ast-breadcrumbs-content":"","ast-featured-img":"disabled","footer-sml-layout":"","theme-transparent-header-meta":"enabled","adv-header-id-meta":"","stick-header-meta":"","header-above-stick-meta":"","header-main-stick-meta":"","header-below-stick-meta":""},"_links":{"self":[{"href":"https:\/\/jurkauskas.lt\/index.php\/wp-json\/wp\/v2\/pages\/9"}],"collection":[{"href":"https:\/\/jurkauskas.lt\/index.php\/wp-json\/wp\/v2\/pages"}],"about":[{"href":"https:\/\/jurkauskas.lt\/index.php\/wp-json\/wp\/v2\/types\/page"}],"author":[{"embeddable":true,"href":"https:\/\/jurkauskas.lt\/index.php\/wp-json\/wp\/v2\/users\/1"}],"replies":[{"embeddable":true,"href":"https:\/\/jurkauskas.lt\/index.php\/wp-json\/wp\/v2\/comments?post=9"}],"version-history":[{"count":64,"href":"https:\/\/jurkauskas.lt\/index.php\/wp-json\/wp\/v2\/pages\/9\/revisions"}],"predecessor-version":[{"id":647,"href":"https:\/\/jurkauskas.lt\/index.php\/wp-json\/wp\/v2\/pages\/9\/revisions\/647"}],"wp:attachment":[{"href":"https:\/\/jurkauskas.lt\/index.php\/wp-json\/wp\/v2\/media?parent=9"}],"curies":[{"name":"wp","href":"https:\/\/api.w.org\/{rel}","templated":true}]}}